{"id":892,"date":"2024-05-31T18:55:46","date_gmt":"2024-05-31T18:55:46","guid":{"rendered":"https:\/\/racaoconfianca.com.br\/?page_id=892"},"modified":"2025-10-02T02:41:43","modified_gmt":"2025-10-02T02:41:43","slug":"blog","status":"publish","type":"page","link":"https:\/\/racaoconfianca.com.br\/index.php\/blog\/","title":{"rendered":"Blog"},"content":{"rendered":"\t\t<div data-elementor-type=\"wp-page\" data-elementor-id=\"892\" class=\"elementor elementor-892\" data-elementor-post-type=\"page\">\n\t\t\t\t<div data-particle_enable=\"false\" data-particle-mobile-disabled=\"false\" class=\"elementor-element elementor-element-6d99ee5 e-flex e-con-boxed e-con e-parent\" data-id=\"6d99ee5\" data-element_type=\"container\" data-e-type=\"container\">\n\t\t\t\t\t<div class=\"e-con-inner\">\n\t\t<div data-particle_enable=\"false\" data-particle-mobile-disabled=\"false\" class=\"elementor-element elementor-element-8a99921 e-flex e-con-boxed e-con e-child\" data-id=\"8a99921\" data-element_type=\"container\" data-e-type=\"container\">\n\t\t\t\t\t<div class=\"e-con-inner\">\n\t\t\t\t\t<\/div>\n\t\t\t\t<\/div>\n\t\t\t\t<div class=\"elementor-element elementor-element-d8752e8 elementor-widget elementor-widget-heading\" data-id=\"d8752e8\" data-element_type=\"widget\" data-e-type=\"widget\" data-widget_type=\"heading.default\">\n\t\t\t\t<div class=\"elementor-widget-container\">\n\t\t\t\t\t<h2 class=\"elementor-heading-title elementor-size-default\">PET News - Blog<\/h2>\t\t\t\t<\/div>\n\t\t\t\t<\/div>\n\t\t\t\t<div class=\"elementor-element elementor-element-80d2166 elementor-grid-4 elementor-posts--align-center elementor-grid-tablet-2 elementor-grid-mobile-1 elementor-posts--thumbnail-top elementor-widget elementor-widget-posts\" data-id=\"80d2166\" data-element_type=\"widget\" data-e-type=\"widget\" data-settings=\"{&quot;classic_columns&quot;:&quot;4&quot;,&quot;pagination_type&quot;:&quot;numbers_and_prev_next&quot;,&quot;classic_columns_tablet&quot;:&quot;2&quot;,&quot;classic_columns_mobile&quot;:&quot;1&quot;,&quot;classic_row_gap&quot;:{&quot;unit&quot;:&quot;px&quot;,&quot;size&quot;:35,&quot;sizes&quot;:[]},&quot;classic_row_gap_tablet&quot;:{&quot;unit&quot;:&quot;px&quot;,&quot;size&quot;:&quot;&quot;,&quot;sizes&quot;:[]},&quot;classic_row_gap_mobile&quot;:{&quot;unit&quot;:&quot;px&quot;,&quot;size&quot;:&quot;&quot;,&quot;sizes&quot;:[]}}\" data-widget_type=\"posts.classic\">\n\t\t\t\t<div class=\"elementor-widget-container\">\n\t\t\t\t\t\t\t<div class=\"elementor-posts-container elementor-posts elementor-posts--skin-classic elementor-grid\">\n\t\t\t\t<article class=\"elementor-post elementor-grid-item post-2211 post type-post status-publish format-standard has-post-thumbnail hentry category-saude-pet tag-cuidadopet tag-racao-confianca tag-saudepet\">\n\t\t\t\t<a class=\"elementor-post__thumbnail__link\" href=\"https:\/\/racaoconfianca.com.br\/index.php\/2026\/04\/28\/abril-laranja-cuidar-de-animais-e-responsabilidade-porque-quem-ama-cuida\/\" tabindex=\"-1\" >\n\t\t\t<div class=\"elementor-post__thumbnail\"><img decoding=\"async\" width=\"300\" height=\"109\" src=\"https:\/\/racaoconfianca.com.br\/wp-content\/uploads\/2026\/04\/gatocachorro-300x109.webp\" class=\"attachment-medium size-medium wp-image-2206\" alt=\"Gato com cachorro\" srcset=\"https:\/\/racaoconfianca.com.br\/wp-content\/uploads\/2026\/04\/gatocachorro-300x109.webp 300w, https:\/\/racaoconfianca.com.br\/wp-content\/uploads\/2026\/04\/gatocachorro-1024x373.webp 1024w, https:\/\/racaoconfianca.com.br\/wp-content\/uploads\/2026\/04\/gatocachorro-768x280.webp 768w, https:\/\/racaoconfianca.com.br\/wp-content\/uploads\/2026\/04\/gatocachorro.webp 1199w\" sizes=\"(max-width: 300px) 100vw, 300px\" \/><\/div>\n\t\t<\/a>\n\t\t\t\t<div class=\"elementor-post__text\">\n\t\t\t\t<h3 class=\"elementor-post__title\">\n\t\t\t<a href=\"https:\/\/racaoconfianca.com.br\/index.php\/2026\/04\/28\/abril-laranja-cuidar-de-animais-e-responsabilidade-porque-quem-ama-cuida\/\" >\n\t\t\t\tAbril Laranja: cuidar de animais \u00e9 responsabilidade, porque quem ama, cuida.\t\t\t<\/a>\n\t\t<\/h3>\n\t\t\t\t<div class=\"elementor-post__excerpt\">\n\t\t\t<p>Todo m\u00eas de abril, o pa\u00eds se mobiliza em prol de uma causa urgente: a defesa dos animais. O Abril Laranja constitui uma campanha de<\/p>\n\t\t<\/div>\n\t\t\n\t\t<a class=\"elementor-post__read-more\" href=\"https:\/\/racaoconfianca.com.br\/index.php\/2026\/04\/28\/abril-laranja-cuidar-de-animais-e-responsabilidade-porque-quem-ama-cuida\/\" aria-label=\"Leia mais sobre Abril Laranja: cuidar de animais \u00e9 responsabilidade, porque quem ama, cuida.\" tabindex=\"-1\" >\n\t\t\tLeia mais\t\t<\/a>\n\n\t\t\t\t<\/div>\n\t\t\t\t<\/article>\n\t\t\t\t<article class=\"elementor-post elementor-grid-item post-2158 post type-post status-publish format-standard has-post-thumbnail hentry category-uncategorized tag-cuidadopet tag-meupet tag-racao-confianca\">\n\t\t\t\t<a class=\"elementor-post__thumbnail__link\" href=\"https:\/\/racaoconfianca.com.br\/index.php\/2026\/02\/27\/pets-idosos-como-cuidar-melhor-e-prevenir-doencas-neurodegenerativas\/\" tabindex=\"-1\" >\n\t\t\t<div class=\"elementor-post__thumbnail\"><img decoding=\"async\" width=\"300\" height=\"157\" src=\"https:\/\/racaoconfianca.com.br\/wp-content\/uploads\/2026\/02\/0a0834b0-57db-459c-99ac-d1a31b94df7a-300x157.jpg\" class=\"attachment-medium size-medium wp-image-2159\" alt=\"Cachorro idoso com sua tutora\" srcset=\"https:\/\/racaoconfianca.com.br\/wp-content\/uploads\/2026\/02\/0a0834b0-57db-459c-99ac-d1a31b94df7a-300x157.jpg 300w, https:\/\/racaoconfianca.com.br\/wp-content\/uploads\/2026\/02\/0a0834b0-57db-459c-99ac-d1a31b94df7a.jpg 736w\" sizes=\"(max-width: 300px) 100vw, 300px\" \/><\/div>\n\t\t<\/a>\n\t\t\t\t<div class=\"elementor-post__text\">\n\t\t\t\t<h3 class=\"elementor-post__title\">\n\t\t\t<a href=\"https:\/\/racaoconfianca.com.br\/index.php\/2026\/02\/27\/pets-idosos-como-cuidar-melhor-e-prevenir-doencas-neurodegenerativas\/\" >\n\t\t\t\tPETS IDOSOS: COMO CUIDAR MELHOR E PREVENIR DOEN\u00c7AS NEURODEGENERATIVAS?\t\t\t<\/a>\n\t\t<\/h3>\n\t\t\t\t<div class=\"elementor-post__excerpt\">\n\t\t\t<p>Escrito por Aryene Vit\u00f3ria e revisado por\u00a0Pollyana Marinho27\/02\/2026 Nossos aumigos peludos continuam sendo os mesmos companheiros de sempre. Mas, assim como n\u00f3s, o tempo passa<\/p>\n\t\t<\/div>\n\t\t\n\t\t<a class=\"elementor-post__read-more\" href=\"https:\/\/racaoconfianca.com.br\/index.php\/2026\/02\/27\/pets-idosos-como-cuidar-melhor-e-prevenir-doencas-neurodegenerativas\/\" aria-label=\"Leia mais sobre PETS IDOSOS: COMO CUIDAR MELHOR E PREVENIR DOEN\u00c7AS NEURODEGENERATIVAS?\" tabindex=\"-1\" >\n\t\t\tLeia mais\t\t<\/a>\n\n\t\t\t\t<\/div>\n\t\t\t\t<\/article>\n\t\t\t\t<article class=\"elementor-post elementor-grid-item post-2098 post type-post status-publish format-standard has-post-thumbnail hentry category-uncategorized tag-cuidadopet tag-meupet tag-racao-confianca\">\n\t\t\t\t<a class=\"elementor-post__thumbnail__link\" href=\"https:\/\/racaoconfianca.com.br\/index.php\/2025\/12\/02\/viagens-nacionais-e-internacionais-com-pets-o-que-e-necessario-fazer\/\" tabindex=\"-1\" >\n\t\t\t<div class=\"elementor-post__thumbnail\"><img fetchpriority=\"high\" decoding=\"async\" width=\"300\" height=\"169\" src=\"https:\/\/racaoconfianca.com.br\/wp-content\/uploads\/2025\/12\/Capa-Blog1-300x169.png\" class=\"attachment-medium size-medium wp-image-2099\" alt=\"\" srcset=\"https:\/\/racaoconfianca.com.br\/wp-content\/uploads\/2025\/12\/Capa-Blog1-300x169.png 300w, https:\/\/racaoconfianca.com.br\/wp-content\/uploads\/2025\/12\/Capa-Blog1-1024x577.png 1024w, https:\/\/racaoconfianca.com.br\/wp-content\/uploads\/2025\/12\/Capa-Blog1-768x433.png 768w, https:\/\/racaoconfianca.com.br\/wp-content\/uploads\/2025\/12\/Capa-Blog1-1536x865.png 1536w, https:\/\/racaoconfianca.com.br\/wp-content\/uploads\/2025\/12\/Capa-Blog1.png 1640w\" sizes=\"(max-width: 300px) 100vw, 300px\" \/><\/div>\n\t\t<\/a>\n\t\t\t\t<div class=\"elementor-post__text\">\n\t\t\t\t<h3 class=\"elementor-post__title\">\n\t\t\t<a href=\"https:\/\/racaoconfianca.com.br\/index.php\/2025\/12\/02\/viagens-nacionais-e-internacionais-com-pets-o-que-e-necessario-fazer\/\" >\n\t\t\t\tViagens Nacionais e Internacionais com Pets: O Que \u00e9 Necess\u00e1rio Fazer?\t\t\t<\/a>\n\t\t<\/h3>\n\t\t\t\t<div class=\"elementor-post__excerpt\">\n\t\t\t<p>Escrito e revisado por\u00a0Pollyana Marinho02\/12\/2025 Viajar com c\u00e3es e gatos, seja dentro do Brasil ou para outros pa\u00edses, exige uma s\u00e9rie de cuidados e documenta\u00e7\u00f5es<\/p>\n\t\t<\/div>\n\t\t\n\t\t<a class=\"elementor-post__read-more\" href=\"https:\/\/racaoconfianca.com.br\/index.php\/2025\/12\/02\/viagens-nacionais-e-internacionais-com-pets-o-que-e-necessario-fazer\/\" aria-label=\"Leia mais sobre Viagens Nacionais e Internacionais com Pets: O Que \u00e9 Necess\u00e1rio Fazer?\" tabindex=\"-1\" >\n\t\t\tLeia mais\t\t<\/a>\n\n\t\t\t\t<\/div>\n\t\t\t\t<\/article>\n\t\t\t\t<article class=\"elementor-post elementor-grid-item post-1798 post type-post status-publish format-standard has-post-thumbnail hentry category-uncategorized tag-cuidadopet tag-cuidados-com-a-saude tag-meupet tag-racao-confianca tag-saudepet\">\n\t\t\t\t<a class=\"elementor-post__thumbnail__link\" href=\"https:\/\/racaoconfianca.com.br\/index.php\/2025\/07\/03\/como-proteger-seu-pet-do-calor\/\" tabindex=\"-1\" >\n\t\t\t<div class=\"elementor-post__thumbnail\"><img loading=\"lazy\" decoding=\"async\" width=\"300\" height=\"169\" src=\"https:\/\/racaoconfianca.com.br\/wp-content\/uploads\/2025\/07\/Capa-Blog-Verao-300x169.png\" class=\"attachment-medium size-medium wp-image-1799\" alt=\"\" srcset=\"https:\/\/racaoconfianca.com.br\/wp-content\/uploads\/2025\/07\/Capa-Blog-Verao-300x169.png 300w, https:\/\/racaoconfianca.com.br\/wp-content\/uploads\/2025\/07\/Capa-Blog-Verao-1024x577.png 1024w, https:\/\/racaoconfianca.com.br\/wp-content\/uploads\/2025\/07\/Capa-Blog-Verao-768x433.png 768w, https:\/\/racaoconfianca.com.br\/wp-content\/uploads\/2025\/07\/Capa-Blog-Verao-1536x865.png 1536w, https:\/\/racaoconfianca.com.br\/wp-content\/uploads\/2025\/07\/Capa-Blog-Verao.png 1640w\" sizes=\"(max-width: 300px) 100vw, 300px\" \/><\/div>\n\t\t<\/a>\n\t\t\t\t<div class=\"elementor-post__text\">\n\t\t\t\t<h3 class=\"elementor-post__title\">\n\t\t\t<a href=\"https:\/\/racaoconfianca.com.br\/index.php\/2025\/07\/03\/como-proteger-seu-pet-do-calor\/\" >\n\t\t\t\tComo Proteger Seu Pet do Calor\t\t\t<\/a>\n\t\t<\/h3>\n\t\t\t\t<div class=\"elementor-post__excerpt\">\n\t\t\t<p>Escrito e revisado por\u00a0Pollyana Marinho03\/07\/2025 Em alguns lugares durante esse per\u00edodo, as temperaturas elevadas podem representar grandes desafios para os animais de estima\u00e7\u00e3o, principalmente aqueles<\/p>\n\t\t<\/div>\n\t\t\n\t\t<a class=\"elementor-post__read-more\" href=\"https:\/\/racaoconfianca.com.br\/index.php\/2025\/07\/03\/como-proteger-seu-pet-do-calor\/\" aria-label=\"Leia mais sobre Como Proteger Seu Pet do Calor\" tabindex=\"-1\" >\n\t\t\tLeia mais\t\t<\/a>\n\n\t\t\t\t<\/div>\n\t\t\t\t<\/article>\n\t\t\t\t<\/div>\n\t\t\n\t\t\t\t<div class=\"e-load-more-anchor\" data-page=\"1\" data-max-page=\"5\" data-next-page=\"https:\/\/racaoconfianca.com.br\/index.php\/wp-json\/wp\/v2\/pages\/892\/page\/2\/\"><\/div>\n\t\t\t\t<nav class=\"elementor-pagination\" aria-label=\"Pagina\u00e7\u00e3o\">\n\t\t\t<span class=\"page-numbers prev\">&laquo; Anterior<\/span>\n<span aria-current=\"page\" class=\"page-numbers current\"><span class=\"elementor-screen-only\">P\u00e1gina<\/span>1<\/span>\n<a class=\"page-numbers\" href=\"https:\/\/racaoconfianca.com.br\/index.php\/wp-json\/wp\/v2\/pages\/892\/page\/2\/\"><span class=\"elementor-screen-only\">P\u00e1gina<\/span>2<\/a>\n<a class=\"page-numbers\" href=\"https:\/\/racaoconfianca.com.br\/index.php\/wp-json\/wp\/v2\/pages\/892\/page\/3\/\"><span class=\"elementor-screen-only\">P\u00e1gina<\/span>3<\/a>\n<a class=\"page-numbers\" href=\"https:\/\/racaoconfianca.com.br\/index.php\/wp-json\/wp\/v2\/pages\/892\/page\/4\/\"><span class=\"elementor-screen-only\">P\u00e1gina<\/span>4<\/a>\n<a class=\"page-numbers\" href=\"https:\/\/racaoconfianca.com.br\/index.php\/wp-json\/wp\/v2\/pages\/892\/page\/5\/\"><span class=\"elementor-screen-only\">P\u00e1gina<\/span>5<\/a>\n<a class=\"page-numbers next\" href=\"https:\/\/racaoconfianca.com.br\/index.php\/wp-json\/wp\/v2\/pages\/892\/page\/2\/\">Pr\u00f3ximo &raquo;<\/a>\t\t<\/nav>\n\t\t\t\t\t\t<\/div>\n\t\t\t\t<\/div>\n\t\t\t\t\t<\/div>\n\t\t\t\t<\/div>\n\t\t\t\t<\/div>\n\t\t","protected":false},"excerpt":{"rendered":"<p>PET News &#8211; Blog<\/p>\n","protected":false},"author":2,"featured_media":0,"parent":0,"menu_order":0,"comment_status":"closed","ping_status":"closed","template":"","meta":{"_joinchat":[],"footnotes":""},"class_list":["post-892","page","type-page","status-publish","hentry"],"_links":{"self":[{"href":"https:\/\/racaoconfianca.com.br\/index.php\/wp-json\/wp\/v2\/pages\/892","targetHints":{"allow":["GET"]}}],"collection":[{"href":"https:\/\/racaoconfianca.com.br\/index.php\/wp-json\/wp\/v2\/pages"}],"about":[{"href":"https:\/\/racaoconfianca.com.br\/index.php\/wp-json\/wp\/v2\/types\/page"}],"author":[{"embeddable":true,"href":"https:\/\/racaoconfianca.com.br\/index.php\/wp-json\/wp\/v2\/users\/2"}],"replies":[{"embeddable":true,"href":"https:\/\/racaoconfianca.com.br\/index.php\/wp-json\/wp\/v2\/comments?post=892"}],"version-history":[{"count":6,"href":"https:\/\/racaoconfianca.com.br\/index.php\/wp-json\/wp\/v2\/pages\/892\/revisions"}],"predecessor-version":[{"id":1825,"href":"https:\/\/racaoconfianca.com.br\/index.php\/wp-json\/wp\/v2\/pages\/892\/revisions\/1825"}],"wp:attachment":[{"href":"https:\/\/racaoconfianca.com.br\/index.php\/wp-json\/wp\/v2\/media?parent=892"}],"curies":[{"name":"wp","href":"https:\/\/api.w.org\/{rel}","templated":true}]}}