{"id":877,"date":"2024-05-31T18:44:14","date_gmt":"2024-05-31T18:44:14","guid":{"rendered":"https:\/\/racaoconfianca.com.br\/?page_id=877"},"modified":"2024-05-31T18:47:35","modified_gmt":"2024-05-31T18:47:35","slug":"politica-de-privacidade","status":"publish","type":"page","link":"https:\/\/racaoconfianca.com.br\/index.php\/politica-de-privacidade\/","title":{"rendered":"Pol\u00edtica de privacidade"},"content":{"rendered":"\t\t<div data-elementor-type=\"wp-page\" data-elementor-id=\"877\" class=\"elementor elementor-877\" data-elementor-post-type=\"page\">\n\t\t\t\t<div data-particle_enable=\"false\" data-particle-mobile-disabled=\"false\" class=\"elementor-element elementor-element-e26dcde e-flex e-con-boxed e-con e-parent\" data-id=\"e26dcde\" data-element_type=\"container\" data-e-type=\"container\">\n\t\t\t\t\t<div class=\"e-con-inner\">\n\t\t\t\t<div class=\"elementor-element elementor-element-5db8a39 elementor-widget elementor-widget-text-editor\" data-id=\"5db8a39\" data-element_type=\"widget\" data-e-type=\"widget\" data-widget_type=\"text-editor.default\">\n\t\t\t\t<div class=\"elementor-widget-container\">\n\t\t\t\t\t\t\t\t\t<p><strong>POL\u00cdTICA DE PRIVACIDADE E PROTE\u00c7\u00c3O DE DADOS<\/strong><\/p><p><strong>\u00a0<\/strong><\/p><p>A pol\u00edtica de privacidade e prote\u00e7\u00e3o de dados tem por finalidade informar como s\u00e3o tratados os dados dos prestadores de servi\u00e7os, clientes, usu\u00e1rios e quaisquer outras pessoas cujos dados pessoais sejam necess\u00e1rios para rela\u00e7\u00e3o com o Grupo PRF Lopes (empresa). Essa pol\u00edtica \u00e9 de aplica\u00e7\u00e3o obrigat\u00f3ria para e por todos os nossos colaboradores, diretores, s\u00f3cios, fornecedores ou prestadores de servi\u00e7os.<\/p><p>Caso haja altera\u00e7\u00e3o dos servi\u00e7os ou da forma de execu\u00e7\u00e3o de suas atividades e isso resulte em alguma altera\u00e7\u00e3o na forma de tratamento dos dados pessoais, ser\u00e1 informada e atualizada a pol\u00edtica de privacidade e prote\u00e7\u00e3o de dados.<\/p><p>Essa pol\u00edtica tamb\u00e9m se aplica a todos os servi\u00e7os fornecidos em suas plataformas:\u00a0<em>websites<\/em>, redes sociais e aplicativos.<\/p><p>Dividido em t\u00f3picos ser\u00e3o descritas as a\u00e7\u00f5es e medidas adotadas pela Empresa para cumprimento das legisla\u00e7\u00f5es pertinentes \u00e0 prote\u00e7\u00e3o de dados.<\/p><p>\u00a0<\/p><ol><li><em>Coleta de uso de dados pessoais:<\/em><\/li><\/ol><p>A Empresa informa que capta informa\u00e7\u00f5es pessoais capazes de identific\u00e1-los, tais como: nome, n\u00fameros de documentos pessoais, telefone<em>, e-mail<\/em>, endere\u00e7o residencial e comercial, data de nascimento, estado civil, quando estabelecido contato entre a empresa e o usu\u00e1rio\/cliente. N\u00e3o s\u00e3o captadas informa\u00e7\u00f5es sobre ferramentas, aplicativos e softwares utilizados, incluindo endere\u00e7o de IP, localiza\u00e7\u00e3o geogr\u00e1fica, tipo de navegador, informa\u00e7\u00f5es do\u00a0<em>cookie<\/em>, p\u00e1ginas acessadas, dom\u00ednios, tempo de acesso e consulta \u00e0 p\u00e1gina de pesquisas.<\/p><p>Tais informa\u00e7\u00f5es t\u00eam como raz\u00e3o o estabelecimento de v\u00ednculo contratual, cadastro de clientes e fornecedores, emiss\u00e3o de notas fiscais, elabora\u00e7\u00e3o de contratos, an\u00e1lise de cr\u00e9dito, envio de mercadorias, e demais atividades relacionadas \u00e0 oferta e aquisi\u00e7\u00e3o de produtos e servi\u00e7os da e para a Empresa.<\/p><p>Ainda, as informa\u00e7\u00f5es captadas n\u00e3o se limitam aos dados disponibilizados em rede eletr\u00f4nica (<em>internet<\/em>), mas tamb\u00e9m as informa\u00e7\u00f5es captadas de modo\u00a0<em>off line<\/em>\u00a0(formul\u00e1rios f\u00edsicos), estruturadas ou n\u00e3o.<\/p><p>\u00a0<\/p><p><em>1.2. Compartilhamento de Informa\u00e7\u00f5es<\/em><\/p><p>A Empresa e suas unidades compartilham informa\u00e7\u00f5es com terceiros, sempre zelando pelo sigilo dos dados dos titulares. As informa\u00e7\u00f5es eventualmente compartilhadas servem \u00fanica e exclusivamente para cumprimento legal, judicial, regulat\u00f3rio, em espec\u00edfico fiscais e tribut\u00e1rias, e\/ou utiliza\u00e7\u00e3o de sistemas e plataformas das atividades internas da Empresa.<\/p><p>Ocorrem compartilhamentos e transfer\u00eancias de dados pessoais com terceiros, nas seguintes situa\u00e7\u00f5es:<\/p><ul><li>Transportadoras, correios e empresas de carga terceirizadas, para fins de viabilizar o atendimento e entrega de pedidos de compras;<\/li><li>Ag\u00eancias de publicidade e propaganda, redes sociais, empresas de retarget e remarketing, para fins de direcionamento de an\u00fancios, promo\u00e7\u00f5es, ofertas, defini\u00e7\u00e3o de perfil e h\u00e1bitos de consumo;<\/li><li>Auditoria e consultorias externas, para confer\u00eancia e certifica\u00e7\u00e3o de conformidade;<\/li><li>Cart\u00f3rios e Tabelionatos de Protestos, para cobran\u00e7a e prote\u00e7\u00e3o do cr\u00e9dito;<\/li><li>Prestadores de servi\u00e7o de contabilidade,<\/li><li>Advogados e escrit\u00f3rios de advocacia, quando necess\u00e1rios pareceres\/atua\u00e7\u00f5es jurisdicionais.<\/li><\/ul><p>Pode-se utilizar seus dados pessoais para registrar reclama\u00e7\u00f5es e sugest\u00f5es, enviar correspond\u00eancias, not\u00edcias e comunicados, fazer a oferta de produtos e\/ou servi\u00e7os, controlar o acesso ao site, sistemas e aplicativos disponibilizados, controlar o acesso \u00e0s nossas depend\u00eancias f\u00edsicas e ainda, produzir e fornecer provas em eventuais determina\u00e7\u00f5es judiciais ou processos administrativos.<\/p><p>Pode-se tratar dados pessoais sens\u00edveis de alguns titulares, tais como: fotos, imagens e dados biom\u00e9tricos, para as seguintes finalidades:<\/p><ul><li>Controle de acesso e de seguran\u00e7a patrimonial;<\/li><li>Controle de frequ\u00eancia dos empregados;<\/li><li>Apura\u00e7\u00e3o de responsabilidade em casos de furtos\/roubos.<\/li><\/ul><p>\u00a0<\/p><p>As informa\u00e7\u00f5es pessoais somente ser\u00e3o divulgadas sem pr\u00e9vio aviso se forem requisitadas em virtude de lei, em resposta a processos judiciais ou se existirem ind\u00edcios de que essas informa\u00e7\u00f5es foram prestadas de maneira a violar qualquer uma das diretrizes de uso para produtos ou servi\u00e7os.<\/p><p>\u00a0<\/p><p>1.2\u00a0\u00a0\u00a0\u00a0\u00a0<em>Do uso de cookies e tecnologias semelhantes<\/em><\/p><p>A Empresa pode enviar e acessar\u00a0<em>cookies<\/em>\u00a0de seu pr\u00f3prio site no computador de seus usu\u00e1rios, bem como tecnologias semelhantes para coleta e armazenamento de dados.<\/p><p>Uma das principais finalidades da utiliza\u00e7\u00e3o de\u00a0<em>cookies<\/em>\u00a0\u00e9 otimizar o tempo, uma vez que as informa\u00e7\u00f5es fornecidas anteriormente podem ser recuperadas e o usu\u00e1rio poder\u00e1 utiliz\u00e1-las em seus pr\u00f3ximos acessos.<\/p><p>\u00c9 permitido que o usu\u00e1rio modifique e rejeitem\u00a0<em>cookies<\/em>\u00a0na sua plataforma, contudo, tal op\u00e7\u00e3o poder\u00e1 fazer com que as caracter\u00edsticas interativas da plataforma n\u00e3o sejam plenamente usufru\u00eddas.<\/p><p>\u00a0<\/p><ol start=\"2\"><li><em>Armazenamento de dados pessoais:<\/em><\/li><\/ol><p>Todas as informa\u00e7\u00f5es fornecidas de modo eletr\u00f4nico pelos usu\u00e1rios s\u00e3o protegidas por senha, a fim de serem mantidas em seguran\u00e7a e privacidade. A Empresa utiliza diversos mecanismos de seguran\u00e7a para minimizar qualquer exposi\u00e7\u00e3o indesejada de dados e busca constantemente novos mecanismos de aprimoramento para os sistemas utilizados.<\/p><p>Quanto \u00e0s informa\u00e7\u00f5es obtidas de modo f\u00edsico (<em>offline<\/em>) essas s\u00e3o mantidas sob guarda conforme as determina\u00e7\u00f5es legais, e armazenadas de modo categorizado em arquivo f\u00edsico com acesso restrito.<\/p><p>\u00a0<\/p><ol start=\"3\"><li><em>Responsabilidade pelas Informa\u00e7\u00f5es<\/em><\/li><\/ol><p>As informa\u00e7\u00f5es fornecidas s\u00e3o de \u00fanica e exclusiva responsabilidade do titular declarante. Caso o titular descumpra qualquer item deste Termo ou a Disposi\u00e7\u00e3o legal, a Empresa poder\u00e1, a seu crit\u00e9rio, suspender ou limitar o acesso do titular, bem como buscar as medidas judiciais cab\u00edveis.<\/p><p>\u00a0<\/p><ol start=\"4\"><li><em>Dados de menores<\/em><\/li><\/ol><p>O tratamento de dados de menores est\u00e1 condicionado ao consentimento espec\u00edfico dado por, pelo menos, um dos pais ou pelo respons\u00e1vel legal, observada as formas legais para o consentimento.<\/p><p>Para autorizar a utiliza\u00e7\u00e3o dos dados de menores de idade, o respons\u00e1vel dever\u00e1 conhecer e estar de acordo com todas as condi\u00e7\u00f5es previstas nesta pol\u00edtica.<\/p><p>\u00a0<\/p><ol start=\"5\"><li><em>Direitos dos titulares dos dados pessoais<\/em><\/li><\/ol><p><strong>Direito de confirma\u00e7\u00e3o e acesso:<\/strong>\u00a0\u00e9 o direito do titular do dado pessoal de obter da Empresa a confirma\u00e7\u00e3o de que os dados pessoais que lhe digam respeito s\u00e3o ou n\u00e3o objeto de tratamento e, se for esse o caso, o direito de acessar os seus dados pessoais mediante solicita\u00e7\u00e3o pr\u00e9via.<\/p><p><strong>Direito de retifica\u00e7\u00e3o:<\/strong>\u00a0\u00e9 o direito do titular do dado pessoal de obter da Empresa, sem demora injustificada, a retifica\u00e7\u00e3o dos dados pessoais inexatos que lhe digam respeito.<\/p><p><strong>Direito \u00e0 elimina\u00e7\u00e3o dos dados:<\/strong>\u00a0\u00e9 o direito do titular do dado pessoal de ter seus dados apagados dos Sistemas e arquivos desde que essa solicita\u00e7\u00e3o esteja amparada pela LGPD.<\/p><p><strong>Direito ao bloqueio dos dados:<\/strong>\u00a0\u00e9 o direito do titular do dado pessoal de ter bloqueio do uso dos seus dados pessoais desnecess\u00e1rios, excessivos ou tratados em desconformidade com a LGPD.<\/p><p><strong>Direito \u00e0 anonimiza\u00e7\u00e3o ou ao bloqueio dados:<\/strong>\u00a0 \u00e9 o direito do titular do dado pessoal de t\u00ea-lo dissociado direta ou indiretamente de si, atrav\u00e9s da utiliza\u00e7\u00e3o de meios t\u00e9cnicos razo\u00e1veis e dispon\u00edveis no momento do tratamento.<\/p><p><strong>Direito \u00e0 limita\u00e7\u00e3o do tratamento dos dados:<\/strong>\u00a0\u00e9 o direito do titular do dado pessoal de limitar o tratamento de seus dados pessoais, podendo obt\u00ea-la quando contesta a exatid\u00e3o dos dados, quando o tratamento for il\u00edcito, quando a Empresa n\u00e3o precisar mais dos dados para as finalidades propostas e quando tiver se oposto ao tratamento dos dados e em caso de tratamento de dados desnecess\u00e1rios.<\/p><p><strong>Direito de oposi\u00e7\u00e3o:<\/strong>\u00a0\u00e9 o direito do titular do dado pessoal de, a qualquer momento, se opor por motivos relacionados com a sua situa\u00e7\u00e3o particular, ao tratamento dos dados pessoais que lhe digam respeito, podendo se opor ainda ao uso de seus dados pessoais para defini\u00e7\u00e3o de perfil de marketing.<\/p><p><strong>Direito de portabilidade dos dados:<\/strong>\u00a0\u00e9 o direito do titular do dado pessoal de receber os dados pessoais que lhe digam respeito e que tenha fornecido \u00e0 Empresa, mediante solicita\u00e7\u00e3o, o direito de transmitir esses dados a outro site ou sistema informatizado.<\/p><p><strong>Direito de n\u00e3o ser submetido a decis\u00f5es automatizadas:<\/strong>\u00a0\u00e9 o direito do titular do dado pessoal de n\u00e3o ficar sujeito a nenhuma decis\u00e3o tomada exclusivamente com base no tratamento automatizado, incluindo a defini\u00e7\u00e3o de perfis (<em>profiling<\/em>), que produza efeitos na sua esfera jur\u00eddica ou que o afete significativamente de forma similar.<\/p><p>O titular do dado pessoal ser\u00e1 informado em caso de retifica\u00e7\u00e3o ou elimina\u00e7\u00e3o dos seus dados.<\/p><p>\u00a0<\/p><ol start=\"6\"><li><em>Altera\u00e7\u00f5es da pol\u00edtica de privacidade e prote\u00e7\u00e3o de dados:<\/em><\/li><\/ol><p>A Empresa reserva-se o direito de fazer altera\u00e7\u00f5es em suas pr\u00e1ticas e na Pol\u00edtica de Privacidade a qualquer tempo, desde que mantida a conformidade com a legisla\u00e7\u00e3o vigente.<\/p><p>A recomenda\u00e7\u00e3o \u00e9 de que a comunidade a acesse sempre que houver d\u00favidas.<\/p><p>\u00a0<\/p><ol start=\"7\"><li><em>Encarregado da privacidade e da prote\u00e7\u00e3o de dados pessoais: Kassio Melo da SIlva. Contato: informatica@racao.onoffagencia.com.br<\/em><\/li><\/ol><p>\u00a0<\/p><ol start=\"8\"><li><em>Demais Links do Site<\/em><\/li><\/ol><p>A plataforma da Empresa tem\u00a0<em>links<\/em>\u00a0para outros sites que n\u00e3o est\u00e3o sob o alcance das suas pol\u00edticas de privacidade. Solicitamos que o usu\u00e1rio analise a pol\u00edtica de privacidade desses sites antes de utiliz\u00e1-los.<\/p><p>\u00a0<\/p><ol start=\"9\"><li><em>Disposi\u00e7\u00f5es Gerais<\/em><\/li><\/ol><p>Ao enviar ou compartilhar conte\u00fado conosco, voc\u00ea concede \u00e0 Empresa uma licen\u00e7a perp\u00e9tua, irrevog\u00e1vel, livre de\u00a0<em>royalties<\/em>; al\u00e9m do direito de usar, copiar, modificar, excluir, adaptar, publicar, traduzir, criar trabalhos derivados, vender e distribuir esse mesmo conte\u00fado, incorporando-o em qualquer formato, meio ou tecnologia ao redor do mundo, podendo incluir o nome fornecido junto ao material publicado, sem que haja compensa\u00e7\u00e3o para voc\u00ea. Por essa raz\u00e3o, n\u00e3o publique ou compartilhe nas plataformas algo que voc\u00ea n\u00e3o deseja licenciar para a Empresa.<\/p><p>\u00a0<\/p><p>\u00a0<\/p><p>Vocabul\u00e1rio:<\/p><ol><li><strong>Dado pessoal:<\/strong>\u00a0informa\u00e7\u00e3o relacionada \u00e0 pessoa natural identificada ou identific\u00e1vel;<\/li><li><strong>Dado pessoal sens\u00edvel:<\/strong>\u00a0dado pessoal sobre origem racial ou \u00e9tnica, convic\u00e7\u00e3o religiosa, opini\u00e3o pol\u00edtica, filia\u00e7\u00e3o a sindicato ou \u00e0 organiza\u00e7\u00e3o de car\u00e1ter religioso, filos\u00f3fico ou pol\u00edtico, dado referente \u00e0 sa\u00fade ou \u00e0 vida sexual, dado gen\u00e9tico ou biom\u00e9trico, quando vinculado a uma pessoa natural;<\/li><li><strong>Dado anonimizado:<\/strong>\u00a0dado relativo ao titular que n\u00e3o possa ser identificado, considerando a utiliza\u00e7\u00e3o de meios t\u00e9cnicos razo\u00e1veis e dispon\u00edveis na ocasi\u00e3o de seu tratamento;<\/li><li><strong>Banco de dados:<\/strong>\u00a0conjunto estruturado de dados pessoais, estabelecido em um ou em v\u00e1rios locais, em suporte eletr\u00f4nico ou f\u00edsico;<\/li><li><strong>Titular:<\/strong>\u00a0pessoa natural a quem se referem os dados pessoais que s\u00e3o objeto de tratamento;<\/li><li><strong>Controlador:<\/strong>\u00a0pessoa natural ou jur\u00eddica, de direito p\u00fablico ou privado, a quem competem as decis\u00f5es referentes ao tratamento de dados pessoais;<\/li><li><strong>Operador:<\/strong>\u00a0pessoa natural ou jur\u00eddica, de direito p\u00fablico ou privado, que realiza o tratamento de dados pessoais em nome do controlador;<\/li><li><strong>Encarregado:<\/strong>\u00a0(ou Data Protection Officer) pessoa indicada pelo controlador e operador para atuar como canal de comunica\u00e7\u00e3o entre o controlador, os titulares dos dados e a Autoridade Nacional de Prote\u00e7\u00e3o de Dados (ANPD);<\/li><li><strong>Agentes de tratamento:<\/strong>\u00a0o controlador e o operador;<\/li><li><strong>Tratamento:<\/strong>\u00a0toda opera\u00e7\u00e3o realizada com dados pessoais, como as que se referem \u00e0 coleta, produ\u00e7\u00e3o, recep\u00e7\u00e3o, classifica\u00e7\u00e3o, utiliza\u00e7\u00e3o, reprodu\u00e7\u00e3o, transmiss\u00e3o, distribui\u00e7\u00e3o, elimina\u00e7\u00e3o, modifica\u00e7\u00e3o, comunica\u00e7\u00e3o, transfer\u00eancia, difus\u00e3o, extra\u00e7\u00e3o, avalia\u00e7\u00e3o ou ao controle da informa\u00e7\u00e3o, acesso, processamento, arquivamento ou armazenamento;<\/li><li><strong>Anonimiza\u00e7\u00e3o:<\/strong>\u00a0utiliza\u00e7\u00e3o de meios t\u00e9cnicos razo\u00e1veis e dispon\u00edveis no momento do tratamento, por meio dos quais um dado perde a possibilidade de associa\u00e7\u00e3o, direta ou indireta, a um indiv\u00edduo;<\/li><li><strong>Consentimento:<\/strong>\u00a0manifesta\u00e7\u00e3o livre, informada e inequ\u00edvoca pela qual o titular concorda com o tratamento de seus dados pessoais para uma finalidade determinada;<\/li><li><strong>Elimina\u00e7\u00e3o:<\/strong>\u00a0exclus\u00e3o de dado ou de conjunto de dados armazenados em banco de dados, independentemente do procedimento empregado;<\/li><li><strong>Transfer\u00eancia internacional de dados:<\/strong>\u00a0transfer\u00eancia de dados pessoais para pa\u00eds estrangeiro ou organismo internacional do qual o pa\u00eds seja membro;<\/li><li><strong>Uso compartilhado de dados:<\/strong>\u00a0comunica\u00e7\u00e3o, difus\u00e3o, transfer\u00eancia internacional, interconex\u00e3o de dados pessoais ou tratamento compartilhado de bancos de dados pessoais por \u00f3rg\u00e3os e entidades p\u00fablicos no cumprimento de suas compet\u00eancias legais, ou entre esses e entes privados, reciprocamente, com autoriza\u00e7\u00e3o espec\u00edfica, para uma ou mais modalidades de tratamento permitidas por esses entes p\u00fablicos, ou entre entes privados;<\/li><li><strong>Cookies:<\/strong>\u00a0Os cookies s\u00e3o pequenos arquivos criados por sites visitados e que s\u00e3o salvos no computador do usu\u00e1rio, por meio do navegador. Esses arquivos cont\u00eam informa\u00e7\u00f5es que servem para identificar o visitante, seja para personalizar a p\u00e1gina de acordo com o perfil ou para facilitar o transporte de dados entre as p\u00e1ginas de um mesmo site;<\/li><li><strong>\u00d3rg\u00e3o de pesquisa<\/strong>: \u00f3rg\u00e3o ou entidade da administra\u00e7\u00e3o p\u00fablica direta ou indireta ou pessoa jur\u00eddica de direito privado sem fins lucrativos legalmente constitu\u00edda sob as leis brasileiras, com sede e foro no pa\u00eds, que inclua, em sua miss\u00e3o institucional, ou em seu objetivo social ou estatut\u00e1rio, a pesquisa b\u00e1sica ou aplicada de car\u00e1ter hist\u00f3rico, cient\u00edfico, tecnol\u00f3gico ou estat\u00edstico;<\/li><li><strong>Autoridade Nacional de Prote\u00e7\u00e3o de Dados (ANPD):<\/strong>\u00a0\u00f3rg\u00e3o da administra\u00e7\u00e3o p\u00fablica respons\u00e1vel por zelar, implementar e fiscalizar o cumprimento dessa Lei em todo o territ\u00f3rio nacional.<\/li><\/ol><p>\u00a0<\/p><p>Ra\u00e7\u00e3o Confian\u00e7a Agroindustrial <span style=\"color: #000000;\"><a style=\"color: #000000; text-decoration: underline;\" href=\"https:\/\/racaoconfianca.com.br\/wp-content\/uploads\/2024\/05\/Racao-Confianca-Agroindustrial-LTDA-POLITICA-DE-PRIVACIDADE-E-PROTECAO-DE-DADOS-V4.pdf\">LTDA \u2013 POL\u00cdTICA DE PRIVACIDADE E PROTE\u00c7\u00c3O DE DADOS (V4)<\/a><\/span><\/p>\t\t\t\t\t\t\t\t<\/div>\n\t\t\t\t<\/div>\n\t\t\t\t\t<\/div>\n\t\t\t\t<\/div>\n\t\t\t\t<\/div>\n\t\t","protected":false},"excerpt":{"rendered":"<p>POL\u00cdTICA DE PRIVACIDADE E PROTE\u00c7\u00c3O DE DADOS \u00a0 A pol\u00edtica de privacidade e prote\u00e7\u00e3o de dados tem por finalidade informar como s\u00e3o tratados os dados dos prestadores de servi\u00e7os, clientes, usu\u00e1rios e quaisquer outras pessoas cujos dados pessoais sejam necess\u00e1rios para rela\u00e7\u00e3o com o Grupo PRF Lopes (empresa). Essa pol\u00edtica \u00e9 de aplica\u00e7\u00e3o obrigat\u00f3ria para [&hellip;]<\/p>\n","protected":false},"author":2,"featured_media":0,"parent":0,"menu_order":0,"comment_status":"closed","ping_status":"closed","template":"","meta":{"_joinchat":[],"footnotes":""},"class_list":["post-877","page","type-page","status-publish","hentry"],"_links":{"self":[{"href":"https:\/\/racaoconfianca.com.br\/index.php\/wp-json\/wp\/v2\/pages\/877","targetHints":{"allow":["GET"]}}],"collection":[{"href":"https:\/\/racaoconfianca.com.br\/index.php\/wp-json\/wp\/v2\/pages"}],"about":[{"href":"https:\/\/racaoconfianca.com.br\/index.php\/wp-json\/wp\/v2\/types\/page"}],"author":[{"embeddable":true,"href":"https:\/\/racaoconfianca.com.br\/index.php\/wp-json\/wp\/v2\/users\/2"}],"replies":[{"embeddable":true,"href":"https:\/\/racaoconfianca.com.br\/index.php\/wp-json\/wp\/v2\/comments?post=877"}],"version-history":[{"count":0,"href":"https:\/\/racaoconfianca.com.br\/index.php\/wp-json\/wp\/v2\/pages\/877\/revisions"}],"wp:attachment":[{"href":"https:\/\/racaoconfianca.com.br\/index.php\/wp-json\/wp\/v2\/media?parent=877"}],"curies":[{"name":"wp","href":"https:\/\/api.w.org\/{rel}","templated":true}]}}