{"id":864,"date":"2024-05-31T18:27:14","date_gmt":"2024-05-31T18:27:14","guid":{"rendered":"https:\/\/racaoconfianca.com.br\/?page_id=864"},"modified":"2024-05-31T18:39:10","modified_gmt":"2024-05-31T18:39:10","slug":"sobre-nos","status":"publish","type":"page","link":"https:\/\/racaoconfianca.com.br\/index.php\/sobre-nos\/","title":{"rendered":"Sobre n\u00f3s"},"content":{"rendered":"\t\t<div data-elementor-type=\"wp-page\" data-elementor-id=\"864\" class=\"elementor elementor-864\" data-elementor-post-type=\"page\">\n\t\t\t\t<div data-particle_enable=\"false\" data-particle-mobile-disabled=\"false\" class=\"elementor-element elementor-element-1a4507e e-flex e-con-boxed e-con e-parent\" data-id=\"1a4507e\" data-element_type=\"container\" data-e-type=\"container\">\n\t\t\t\t\t<div class=\"e-con-inner\">\n\t\t\t\t<div class=\"elementor-element elementor-element-8f8ac68 elementor-widget elementor-widget-heading\" data-id=\"8f8ac68\" data-element_type=\"widget\" data-e-type=\"widget\" data-widget_type=\"heading.default\">\n\t\t\t\t<div class=\"elementor-widget-container\">\n\t\t\t\t\t<h2 class=\"elementor-heading-title elementor-size-default\">Nossa Hist\u00f3ria<\/h2>\t\t\t\t<\/div>\n\t\t\t\t<\/div>\n\t\t\t\t<div class=\"elementor-element elementor-element-ef36d61 elementor-widget elementor-widget-text-editor\" data-id=\"ef36d61\" data-element_type=\"widget\" data-e-type=\"widget\" data-widget_type=\"text-editor.default\">\n\t\t\t\t<div class=\"elementor-widget-container\">\n\t\t\t\t\t\t\t\t\t<div id=\"historia\" class=\"et_pb_row et_pb_row_0\"><div class=\"et_pb_column et_pb_column_1_2 et_pb_column_1  et_pb_css_mix_blend_mode_passthrough et-last-child\"><div class=\"et_pb_module et_pb_text et_pb_text_1  et_pb_text_align_left et_pb_bg_layout_light\"><div class=\"et_pb_text_inner\"><p>Desde 1999 escrevendo nossa hist\u00f3ria, a Ra\u00e7\u00e3o Confian\u00e7a Agroindustrial LTDA \u00e9 uma empresa de capital brasileiro que atua no segmento de peixe em cativeiro e produ\u00e7\u00e3o de ra\u00e7\u00e3o animal; estamos implantadas em uma \u00e1rea de 646 hectares no munic\u00edpio Rio Preto da Eva, Estado do Amazonas.<\/p><\/div><\/div><\/div><\/div><div class=\"et_pb_row et_pb_row_1\"><div class=\"et_pb_column et_pb_column_4_4 et_pb_column_2  et_pb_css_mix_blend_mode_passthrough et-last-child\"><div class=\"et_pb_module et_pb_text et_pb_text_2  et_pb_text_align_left et_pb_bg_layout_light\"><div class=\"et_pb_text_inner\"><p>A Ra\u00e7\u00e3o Confian\u00e7a Agroindustrial LTDA possui conv\u00eanios de Pesquisa e Desenvolvimento com a empresa brasileira de Pesquisas Agropecu\u00e1rias (EMBRAPA), para desenvolvimento da cultura de peixes em cativeiro, para o melhoramento gen\u00e9tico da esp\u00e9cie Tambaqui e com a Vaccinar, ind\u00fastria de Nutri\u00e7\u00e3o animal (especialista e l\u00edder em solu\u00e7\u00f5es inovadoras de produ\u00e7\u00e3o no desenvolvimento de formula\u00e7\u00f5es de ra\u00e7\u00f5es para peixes, aves e pets).<\/p><p>A empresa tamb\u00e9m possui certifica\u00e7\u00e3o ISO 9001:2015 e tem implementado o programa de Boas Pr\u00e1ticas de Fabrica\u00e7\u00e3o (BPF).<\/p><\/div><\/div><\/div><\/div>\t\t\t\t\t\t\t\t<\/div>\n\t\t\t\t<\/div>\n\t\t<div data-particle_enable=\"false\" data-particle-mobile-disabled=\"false\" class=\"elementor-element elementor-element-3cd9ad3 e-flex e-con-boxed e-con e-child\" data-id=\"3cd9ad3\" data-element_type=\"container\" data-e-type=\"container\">\n\t\t\t\t\t<div class=\"e-con-inner\">\n\t\t<div data-particle_enable=\"false\" data-particle-mobile-disabled=\"false\" class=\"elementor-element elementor-element-1096891 e-flex e-con-boxed e-con e-child\" data-id=\"1096891\" data-element_type=\"container\" data-e-type=\"container\">\n\t\t\t\t\t<div class=\"e-con-inner\">\n\t\t\t\t<div class=\"elementor-element elementor-element-b442bca elementor-widget elementor-widget-heading\" data-id=\"b442bca\" data-element_type=\"widget\" data-e-type=\"widget\" data-widget_type=\"heading.default\">\n\t\t\t\t<div class=\"elementor-widget-container\">\n\t\t\t\t\t<h2 class=\"elementor-heading-title elementor-size-default\">Nossa Miss\u00e3o<\/h2>\t\t\t\t<\/div>\n\t\t\t\t<\/div>\n\t\t\t\t<div class=\"elementor-element elementor-element-f2c345c elementor-widget elementor-widget-text-editor\" data-id=\"f2c345c\" data-element_type=\"widget\" data-e-type=\"widget\" data-widget_type=\"text-editor.default\">\n\t\t\t\t<div class=\"elementor-widget-container\">\n\t\t\t\t\t\t\t\t\t<div id=\"historia\" class=\"et_pb_row et_pb_row_0\"><div class=\"et_pb_column et_pb_column_1_2 et_pb_column_1 et_pb_css_mix_blend_mode_passthrough et-last-child\"><div class=\"et_pb_module et_pb_text et_pb_text_1 et_pb_text_align_left et_pb_bg_layout_light\"><div class=\"et_pb_text_inner\"><p>Desenvolver produtos industrializados com excel\u00eancia, buscando a satisfa\u00e7\u00e3o dos nossos clientes, aliados ao bem-estar social, animal e preserva\u00e7\u00e3o do meio ambiente.<\/p><\/div><\/div><\/div><\/div>\t\t\t\t\t\t\t\t<\/div>\n\t\t\t\t<\/div>\n\t\t\t\t\t<\/div>\n\t\t\t\t<\/div>\n\t\t<div data-particle_enable=\"false\" data-particle-mobile-disabled=\"false\" class=\"elementor-element elementor-element-3ff5f94 e-flex e-con-boxed e-con e-child\" data-id=\"3ff5f94\" data-element_type=\"container\" data-e-type=\"container\">\n\t\t\t\t\t<div class=\"e-con-inner\">\n\t\t\t\t<div class=\"elementor-element elementor-element-70a1c71 elementor-widget elementor-widget-heading\" data-id=\"70a1c71\" data-element_type=\"widget\" data-e-type=\"widget\" data-widget_type=\"heading.default\">\n\t\t\t\t<div class=\"elementor-widget-container\">\n\t\t\t\t\t<h2 class=\"elementor-heading-title elementor-size-default\">Nossa Vis\u00e3o<\/h2>\t\t\t\t<\/div>\n\t\t\t\t<\/div>\n\t\t\t\t<div class=\"elementor-element elementor-element-48253b0 elementor-widget elementor-widget-text-editor\" data-id=\"48253b0\" data-element_type=\"widget\" data-e-type=\"widget\" data-widget_type=\"text-editor.default\">\n\t\t\t\t<div class=\"elementor-widget-container\">\n\t\t\t\t\t\t\t\t\t<div id=\"historia\" class=\"et_pb_row et_pb_row_0\"><div class=\"et_pb_column et_pb_column_1_2 et_pb_column_1 et_pb_css_mix_blend_mode_passthrough et-last-child\"><div class=\"et_pb_module et_pb_text et_pb_text_1 et_pb_text_align_left et_pb_bg_layout_light\"><div class=\"et_pb_text_inner\"><p>A Ra\u00e7\u00e3o Confian\u00e7a \u00e9 uma empresa empreendedora do Norte que busca o seu constante crescimento, visando investimentos no seu parque fabril, expandindo os mercados do Nordeste, Centro Oeste e Sudeste.<\/p><\/div><\/div><\/div><\/div>\t\t\t\t\t\t\t\t<\/div>\n\t\t\t\t<\/div>\n\t\t\t\t\t<\/div>\n\t\t\t\t<\/div>\n\t\t<div data-particle_enable=\"false\" data-particle-mobile-disabled=\"false\" class=\"elementor-element elementor-element-ff36283 e-flex e-con-boxed e-con e-child\" data-id=\"ff36283\" data-element_type=\"container\" data-e-type=\"container\">\n\t\t\t\t\t<div class=\"e-con-inner\">\n\t\t\t\t<div class=\"elementor-element elementor-element-f79cb1c elementor-widget elementor-widget-heading\" data-id=\"f79cb1c\" data-element_type=\"widget\" data-e-type=\"widget\" data-widget_type=\"heading.default\">\n\t\t\t\t<div class=\"elementor-widget-container\">\n\t\t\t\t\t<h2 class=\"elementor-heading-title elementor-size-default\">Nossos Valores\n<\/h2>\t\t\t\t<\/div>\n\t\t\t\t<\/div>\n\t\t\t\t<div class=\"elementor-element elementor-element-234318c elementor-widget elementor-widget-text-editor\" data-id=\"234318c\" data-element_type=\"widget\" data-e-type=\"widget\" data-widget_type=\"text-editor.default\">\n\t\t\t\t<div class=\"elementor-widget-container\">\n\t\t\t\t\t\t\t\t\t<div id=\"historia\" class=\"et_pb_row et_pb_row_0\"><div class=\"et_pb_column et_pb_column_1_2 et_pb_column_1 et_pb_css_mix_blend_mode_passthrough et-last-child\"><div class=\"et_pb_module et_pb_text et_pb_text_1 et_pb_text_align_left et_pb_bg_layout_light\"><div class=\"et_pb_text_inner\"><p>Gratid\u00e3o;<br \/>Comprometimento;<br \/>Respeito;<br \/>\u00c9tica;<br \/>Confiabilidade;<br \/>Trabalho em equipe;<br \/>Honestidade.<\/p><\/div><\/div><\/div><\/div>\t\t\t\t\t\t\t\t<\/div>\n\t\t\t\t<\/div>\n\t\t\t\t\t<\/div>\n\t\t\t\t<\/div>\n\t\t\t\t\t<\/div>\n\t\t\t\t<\/div>\n\t\t\t\t\t<\/div>\n\t\t\t\t<\/div>\n\t\t\t\t<\/div>\n\t\t","protected":false},"excerpt":{"rendered":"<p>Nossa Hist\u00f3ria Desde 1999 escrevendo nossa hist\u00f3ria, a Ra\u00e7\u00e3o Confian\u00e7a Agroindustrial LTDA \u00e9 uma empresa de capital brasileiro que atua no segmento de peixe em cativeiro e produ\u00e7\u00e3o de ra\u00e7\u00e3o animal; estamos implantadas em uma \u00e1rea de 646 hectares no munic\u00edpio Rio Preto da Eva, Estado do Amazonas. A Ra\u00e7\u00e3o Confian\u00e7a Agroindustrial LTDA possui conv\u00eanios [&hellip;]<\/p>\n","protected":false},"author":2,"featured_media":0,"parent":0,"menu_order":0,"comment_status":"closed","ping_status":"closed","template":"","meta":{"_joinchat":[],"footnotes":""},"class_list":["post-864","page","type-page","status-publish","hentry"],"_links":{"self":[{"href":"https:\/\/racaoconfianca.com.br\/index.php\/wp-json\/wp\/v2\/pages\/864","targetHints":{"allow":["GET"]}}],"collection":[{"href":"https:\/\/racaoconfianca.com.br\/index.php\/wp-json\/wp\/v2\/pages"}],"about":[{"href":"https:\/\/racaoconfianca.com.br\/index.php\/wp-json\/wp\/v2\/types\/page"}],"author":[{"embeddable":true,"href":"https:\/\/racaoconfianca.com.br\/index.php\/wp-json\/wp\/v2\/users\/2"}],"replies":[{"embeddable":true,"href":"https:\/\/racaoconfianca.com.br\/index.php\/wp-json\/wp\/v2\/comments?post=864"}],"version-history":[{"count":0,"href":"https:\/\/racaoconfianca.com.br\/index.php\/wp-json\/wp\/v2\/pages\/864\/revisions"}],"wp:attachment":[{"href":"https:\/\/racaoconfianca.com.br\/index.php\/wp-json\/wp\/v2\/media?parent=864"}],"curies":[{"name":"wp","href":"https:\/\/api.w.org\/{rel}","templated":true}]}}