{"id":1415,"date":"2024-07-11T14:09:08","date_gmt":"2024-07-11T14:09:08","guid":{"rendered":"https:\/\/racaoconfianca.com.br\/?page_id=1415"},"modified":"2026-04-07T13:46:00","modified_gmt":"2026-04-07T13:46:00","slug":"onde-comprar","status":"publish","type":"page","link":"https:\/\/racaoconfianca.com.br\/index.php\/onde-comprar\/","title":{"rendered":"Onde comprar"},"content":{"rendered":"\t\t<div data-elementor-type=\"wp-page\" data-elementor-id=\"1415\" class=\"elementor elementor-1415\" data-elementor-post-type=\"page\">\n\t\t\t\t<div data-particle_enable=\"false\" data-particle-mobile-disabled=\"false\" class=\"elementor-element elementor-element-697f585 e-flex e-con-boxed e-con e-parent\" data-id=\"697f585\" data-element_type=\"container\" data-e-type=\"container\">\n\t\t\t\t\t<div class=\"e-con-inner\">\n\t\t\t\t<div class=\"elementor-element elementor-element-222018b elementor-widget elementor-widget-heading\" data-id=\"222018b\" data-element_type=\"widget\" data-e-type=\"widget\" data-widget_type=\"heading.default\">\n\t\t\t\t<div class=\"elementor-widget-container\">\n\t\t\t\t\t<h2 class=\"elementor-heading-title elementor-size-default\">Onde Comprar<\/h2>\t\t\t\t<\/div>\n\t\t\t\t<\/div>\n\t\t\t\t\t<\/div>\n\t\t\t\t<\/div>\n\t\t<div data-particle_enable=\"false\" data-particle-mobile-disabled=\"false\" class=\"elementor-element elementor-element-e68551d e-flex e-con-boxed e-con e-parent\" data-id=\"e68551d\" data-element_type=\"container\" data-e-type=\"container\">\n\t\t\t\t\t<div class=\"e-con-inner\">\n\t\t\t\t<div class=\"elementor-element elementor-element-f4ab612 elementor-widget elementor-widget-heading\" data-id=\"f4ab612\" data-element_type=\"widget\" data-e-type=\"widget\" data-widget_type=\"heading.default\">\n\t\t\t\t<div class=\"elementor-widget-container\">\n\t\t\t\t\t<h2 class=\"elementor-heading-title elementor-size-default\">Manaus<\/h2>\t\t\t\t<\/div>\n\t\t\t\t<\/div>\n\t\t\t\t<div class=\"elementor-element elementor-element-48de2c3 elementor-widget elementor-widget-google_maps\" data-id=\"48de2c3\" data-element_type=\"widget\" data-e-type=\"widget\" data-widget_type=\"google_maps.default\">\n\t\t\t\t<div class=\"elementor-widget-container\">\n\t\t\t\t\t\t\t<div class=\"elementor-custom-embed\">\n\t\t\t<iframe loading=\"lazy\"\n\t\t\t\t\tsrc=\"https:\/\/maps.google.com\/maps?q=Manaus%2C%20Nova%20Era%2C%20db%20supermercados%2C%20atacadao%20manaus%2C%20Assa%C3%AD%20Atacadista%2C%20Barat%C3%A3o%20da%20Carne%2C%20Supermercado%20Veneza%2C%20Carrefour&#038;t=m&#038;z=12&#038;output=embed&#038;iwloc=near\"\n\t\t\t\t\ttitle=\"Manaus, Nova Era, db supermercados, atacadao manaus, Assa\u00ed Atacadista, Barat\u00e3o da Carne, Supermercado Veneza, Carrefour\"\n\t\t\t\t\taria-label=\"Manaus, Nova Era, db supermercados, atacadao manaus, Assa\u00ed Atacadista, Barat\u00e3o da Carne, Supermercado Veneza, Carrefour\"\n\t\t\t><\/iframe>\n\t\t<\/div>\n\t\t\t\t\t\t<\/div>\n\t\t\t\t<\/div>\n\t\t\t\t\t<\/div>\n\t\t\t\t<\/div>\n\t\t<div data-particle_enable=\"false\" data-particle-mobile-disabled=\"false\" class=\"elementor-element elementor-element-a577641 e-flex e-con-boxed e-con e-parent\" data-id=\"a577641\" data-element_type=\"container\" data-e-type=\"container\">\n\t\t\t\t\t<div class=\"e-con-inner\">\n\t\t\t\t<div class=\"elementor-element elementor-element-2b20a23 elementor-widget elementor-widget-heading\" data-id=\"2b20a23\" data-element_type=\"widget\" data-e-type=\"widget\" data-widget_type=\"heading.default\">\n\t\t\t\t<div class=\"elementor-widget-container\">\n\t\t\t\t\t<h2 class=\"elementor-heading-title elementor-size-default\">Roraima<\/h2>\t\t\t\t<\/div>\n\t\t\t\t<\/div>\n\t\t\t\t<div class=\"elementor-element elementor-element-8effcdd elementor-widget elementor-widget-google_maps\" data-id=\"8effcdd\" data-element_type=\"widget\" data-e-type=\"widget\" data-widget_type=\"google_maps.default\">\n\t\t\t\t<div class=\"elementor-widget-container\">\n\t\t\t\t\t\t\t<div class=\"elementor-custom-embed\">\n\t\t\t<iframe loading=\"lazy\"\n\t\t\t\t\tsrc=\"https:\/\/maps.google.com\/maps?q=Roraima%2C%20Supermercado%20Gavi%C3%A3o%2C%20Nova%20Era%2C%20Hiper%20DB%2C%20Atacad%C3%A3o%20-%20Boa%20Vista%2C%20Assa%C3%AD%20Atacadista&#038;t=m&#038;z=12&#038;output=embed&#038;iwloc=near\"\n\t\t\t\t\ttitle=\"Roraima, Supermercado Gavi\u00e3o, Nova Era, Hiper DB, Atacad\u00e3o - Boa Vista, Assa\u00ed Atacadista\"\n\t\t\t\t\taria-label=\"Roraima, Supermercado Gavi\u00e3o, Nova Era, Hiper DB, Atacad\u00e3o - Boa Vista, Assa\u00ed Atacadista\"\n\t\t\t><\/iframe>\n\t\t<\/div>\n\t\t\t\t\t\t<\/div>\n\t\t\t\t<\/div>\n\t\t\t\t\t<\/div>\n\t\t\t\t<\/div>\n\t\t\t\t<\/div>\n\t\t","protected":false},"excerpt":{"rendered":"<p>Onde Comprar Manaus Roraima<\/p>\n","protected":false},"author":2,"featured_media":0,"parent":0,"menu_order":0,"comment_status":"closed","ping_status":"closed","template":"","meta":{"_joinchat":[],"footnotes":""},"class_list":["post-1415","page","type-page","status-publish","hentry"],"_links":{"self":[{"href":"https:\/\/racaoconfianca.com.br\/index.php\/wp-json\/wp\/v2\/pages\/1415","targetHints":{"allow":["GET"]}}],"collection":[{"href":"https:\/\/racaoconfianca.com.br\/index.php\/wp-json\/wp\/v2\/pages"}],"about":[{"href":"https:\/\/racaoconfianca.com.br\/index.php\/wp-json\/wp\/v2\/types\/page"}],"author":[{"embeddable":true,"href":"https:\/\/racaoconfianca.com.br\/index.php\/wp-json\/wp\/v2\/users\/2"}],"replies":[{"embeddable":true,"href":"https:\/\/racaoconfianca.com.br\/index.php\/wp-json\/wp\/v2\/comments?post=1415"}],"version-history":[{"count":13,"href":"https:\/\/racaoconfianca.com.br\/index.php\/wp-json\/wp\/v2\/pages\/1415\/revisions"}],"predecessor-version":[{"id":2190,"href":"https:\/\/racaoconfianca.com.br\/index.php\/wp-json\/wp\/v2\/pages\/1415\/revisions\/2190"}],"wp:attachment":[{"href":"https:\/\/racaoconfianca.com.br\/index.php\/wp-json\/wp\/v2\/media?parent=1415"}],"curies":[{"name":"wp","href":"https:\/\/api.w.org\/{rel}","templated":true}]}}